{"id":176,"date":"2022-01-30T21:25:04","date_gmt":"2022-01-30T21:25:04","guid":{"rendered":"https:\/\/ezaf.org\/?page_id=176"},"modified":"2022-01-30T21:26:05","modified_gmt":"2022-01-30T21:26:05","slug":"was-ist-ezaf","status":"publish","type":"page","link":"https:\/\/ezaf.org\/?page_id=176","title":{"rendered":"Was ist EZAF?"},"content":{"rendered":"\n<p>EZAF ist eine wissenschaftliche Einrichtung, die das Ziel verfolgt, antiziganistische Einstellungen und Handlungen in den L\u00e4ndern, in denen Angeh\u00f6rige des Sinti- und Roma-Volkes leben, mit den Mitteln der wissenschaftlichen Analytik systematisch zu untersuchen.&nbsp;<\/p>\n\n\n\n<p>W\u00e4hrend der Judenhass, die Verfolgung und Vernichtung der Juden, alter und neuer Antisemitismus seit l\u00e4ngerem eine vergleichsweise gro\u00dfe \u00f6ffentliche Aufmerksamkeit und eine breite wissenschaftliche Aufarbeitung erfahren, kann dies von der Einstellung gegen\u00fcber der Sinti- und Roma-Minderheit nicht in gleicher Weise gesagt werden. Antiziganistische Vorurteile sind in weiten Bereichen der Bev\u00f6lkerung, aber auch in den Medien und den gesellschaftlichen Institutionen weiterhin unaufgekl\u00e4rt und manifest verankert. Sie werden in aller \u00d6ffentlichkeit ungefiltert ge\u00e4u\u00dfert. Es handelt sich offensichtlich um eine mentale und handgreifliche innergesellschaftliche Feinderkl\u00e4rung.<\/p>\n","protected":false},"excerpt":{"rendered":"<p>EZAF ist eine wissenschaftliche Einrichtung, die das Ziel verfolgt, antiziganistische Einstellungen und Handlungen in den L\u00e4ndern, in denen Angeh\u00f6rige des&hellip;<\/p>\n","protected":false},"author":1,"featured_media":0,"parent":0,"menu_order":0,"comment_status":"closed","ping_status":"closed","template":"","meta":{"footnotes":""},"class_list":["post-176","page","type-page","status-publish","hentry"],"aioseo_notices":[],"_links":{"self":[{"href":"https:\/\/ezaf.org\/index.php?rest_route=\/wp\/v2\/pages\/176","targetHints":{"allow":["GET"]}}],"collection":[{"href":"https:\/\/ezaf.org\/index.php?rest_route=\/wp\/v2\/pages"}],"about":[{"href":"https:\/\/ezaf.org\/index.php?rest_route=\/wp\/v2\/types\/page"}],"author":[{"embeddable":true,"href":"https:\/\/ezaf.org\/index.php?rest_route=\/wp\/v2\/users\/1"}],"replies":[{"embeddable":true,"href":"https:\/\/ezaf.org\/index.php?rest_route=%2Fwp%2Fv2%2Fcomments&post=176"}],"version-history":[{"count":0,"href":"https:\/\/ezaf.org\/index.php?rest_route=\/wp\/v2\/pages\/176\/revisions"}],"wp:attachment":[{"href":"https:\/\/ezaf.org\/index.php?rest_route=%2Fwp%2Fv2%2Fmedia&parent=176"}],"curies":[{"name":"wp","href":"https:\/\/api.w.org\/{rel}","templated":true}]}}