{"id":25,"date":"2022-01-30T19:26:24","date_gmt":"2022-01-30T19:26:24","guid":{"rendered":"https:\/\/ezaf.org\/?page_id=25"},"modified":"2022-03-28T10:28:35","modified_gmt":"2022-03-28T10:28:35","slug":"antiziganismus","status":"publish","type":"page","link":"https:\/\/ezaf.org\/","title":{"rendered":"Antiziganismus?"},"content":{"rendered":"\n\n\n<figure class=\"wp-block-embed is-type-video is-provider-youtube wp-block-embed-youtube wp-embed-aspect-16-9 wp-has-aspect-ratio\"><div class=\"wp-block-embed__wrapper\">\n<iframe loading=\"lazy\" title=\"6. Antiziganismus - Schlauer in 100 Sekunden\" width=\"1140\" height=\"641\" src=\"https:\/\/www.youtube.com\/embed\/QLcbypLu5fU?start=4&#038;feature=oembed\" frameborder=\"0\" allow=\"accelerometer; autoplay; clipboard-write; encrypted-media; gyroscope; picture-in-picture\" allowfullscreen><\/iframe>\n<\/div><\/figure>\n\n\n\n<p>Der Antiziganismus ist ein Teil des europ\u00e4ischen Kulturerbes, gen\u00e4hrt f\u00fcr Jahrhunderte durch die Angst vor dem osmanischem Reich (welches bis 1912 bestand) und den \u201edunklen T\u00fcrken\u201c. Roma und Sinti stehen vor einer europ\u00e4ischen Gesellschaft, die sich nicht mit ihnen als Menschen besch\u00e4ftigt, sondern als \u201eZigeuner\u201c bildhaft vorstellt.<br>Dieses bildhafte Denken ist das Problem des Antiziganismus, es erkl\u00e4rt der Mehrheitsgesellschaft das Sein und Verhalten der Roma und Sinti unabh\u00e4ngig von deren Lebenswirklichkeit. Das Bild des nomadisierenden Zigeuners ist ein gutes Beispiel f\u00fcr diese Wirklichkeitsverkennung: Roma leben in Wohnungen oder Wellblechh\u00fctten in Osteuropa. Migrationsbewegungen der Roma sind Fluchtreaktionen auf Vertreibungsandrohung oder Gewaltkonflikte in einer Region. Menschen fl\u00fcchten, wenn sie sich bedroht f\u00fchlen. Dieses Fluchtverhalten \u2013 f\u00e4lschlich als \u201eNomadisierung\u201c habitualisiert \u2013 hat zum \u00dcberleben des Roma- und Sinti Volkes beigetragen.<br>Der Antiziganismus findet sich in allen Schichten \u2013 ob arm oder reich \u2013 der europ\u00e4ischen Mehrheitsgesellschaft.<br><em>Marko D. Knudsen&nbsp;<br>1. Vorsitzender \u2013 EZAF<\/em><\/p>\n\n\n\n<figure class=\"wp-block-image size-full is-resized\"><img loading=\"lazy\" decoding=\"async\" src=\"https:\/\/ezaf.org\/wp-content\/uploads\/2022\/01\/18-1.png\" alt=\"\" class=\"wp-image-92\" width=\"838\" height=\"704\" srcset=\"https:\/\/ezaf.org\/wp-content\/uploads\/2022\/01\/18-1.png 727w, https:\/\/ezaf.org\/wp-content\/uploads\/2022\/01\/18-1-300x252.png 300w\" sizes=\"auto, (max-width: 838px) 100vw, 838px\" \/><\/figure>\n\n\n\n<figure class=\"wp-block-embed is-type-video is-provider-youtube wp-block-embed-youtube wp-embed-aspect-16-9 wp-has-aspect-ratio\"><div class=\"wp-block-embed__wrapper\">\n<iframe loading=\"lazy\" title=\"RomaStories - Film (71 Sprachen Untertitel)\" width=\"1140\" height=\"641\" src=\"https:\/\/www.youtube.com\/embed\/0ceTegNI9O4?feature=oembed\" frameborder=\"0\" allow=\"accelerometer; autoplay; clipboard-write; encrypted-media; gyroscope; picture-in-picture\" allowfullscreen><\/iframe>\n<\/div><\/figure>\n\n\n\n\n\n<figure class=\"wp-block-image size-large\"><img loading=\"lazy\" decoding=\"async\" width=\"1024\" height=\"581\" src=\"https:\/\/ezaf.org\/wp-content\/uploads\/2022\/01\/21-1-1024x581.png\" alt=\"\" class=\"wp-image-93\" srcset=\"https:\/\/ezaf.org\/wp-content\/uploads\/2022\/01\/21-1-1024x581.png 1024w, https:\/\/ezaf.org\/wp-content\/uploads\/2022\/01\/21-1-300x170.png 300w, https:\/\/ezaf.org\/wp-content\/uploads\/2022\/01\/21-1-768x436.png 768w, https:\/\/ezaf.org\/wp-content\/uploads\/2022\/01\/21-1.png 1115w\" sizes=\"auto, (max-width: 1024px) 100vw, 1024px\" \/><\/figure>\n\n\n\n<figure class=\"wp-block-image size-full\"><img loading=\"lazy\" decoding=\"async\" width=\"668\" height=\"638\" src=\"https:\/\/ezaf.org\/wp-content\/uploads\/2022\/01\/22-2.png\" alt=\"\" class=\"wp-image-94\" srcset=\"https:\/\/ezaf.org\/wp-content\/uploads\/2022\/01\/22-2.png 668w, https:\/\/ezaf.org\/wp-content\/uploads\/2022\/01\/22-2-300x287.png 300w\" sizes=\"auto, (max-width: 668px) 100vw, 668px\" \/><\/figure>\n\n\n\n<p><strong>Weitere Websites aus unserem Netzwerk:<\/strong><\/p>\n\n\n\n<p> <a href=\"https:\/\/vr.romaedu.org\" data-type=\"URL\" data-id=\"https:\/\/vr.romaedu.org\">VR.RomaEdu.org<\/a> &#8211; Virtual Reality 360 &#8211; Gedenkorte und Ausstellung zu Roma <\/p>\n\n\n\n<p><a href=\"http:\/\/www.RomaBooks.com\" data-type=\"URL\" data-id=\"www.RomaBooks.com\">www.RomaBooks.com<\/a> &#8211; Nach Themen sortierte B\u00fccher, Musik, Filme andere Artikel.<\/p>\n\n\n\n<p><a href=\"http:\/\/www.RomShirt.com\">www.RomShirt.com<\/a> &#8211; Roma Kleindung, nicht Traditionell.<\/p>\n\n\n\n<p><a href=\"http:\/\/www.Rom.News\">www.Rom.News<\/a>  &#8211; Roma und Sinti Nachrichten Website. <\/p>\n\n\n\n<p><a href=\"http:\/\/www.RomaEdu.org\">www.RomaEdu.org<\/a> &#8211; Bildungsverein der Roma zu Hamburg.<\/p>\n\n\n\n<p><a href=\"https:\/\/100.romaedu.org\">Schlauer in 100 Sekunden<\/a> in 26 Sprachen 15 teilige Serie.<\/p>\n\n\n\n<p>Charta der Rechte der Roma in 26 Sprachen.<\/p>\n\n\n\n<p><a href=\"http:\/\/www.RomaHistory.com\">www.RomaHistory.com<\/a> Gr\u00f6\u00dfte und Umfangreichste Seite zur Geschichte der Roma und Sinti.<\/p>\n\n\n\n<p><a href=\"https:\/\/LivingHistory.RomaEdu.org  \">LivingHistory.RomaEdu.org<\/a>  Sammeln von Orten, Fakten und Daten zur Geschichte der Roma.<\/p>\n\n\n\n<p><a href=\"http:\/\/www.RomaStories.com\" data-type=\"URL\" data-id=\"www.RomaStories.com\">www.RomaStories.com <\/a> Dokumentation: Film.<\/p>\n\n\n\n<p><a href=\"http:\/\/www.RomEnt.net\" data-type=\"URL\" data-id=\"www.RomEnt.net\">www.RomEnt.net<\/a> Rom Entertainment Network, Musik Label f\u00fcr Roma und Sinti K\u00fcnstler.<\/p>\n\n\n\n<p> <a href=\"https:\/\/Ausstellung.RomaEdu.org\">Ausstellung.RomaEdu.org<\/a> &#8222;Roma &amp; Sinti. Geschichte und Antiziganismus&#8220;<\/p>\n\n\n\n<p> <a href=\"https:\/\/Orte.RomaEdu.org\">Orte.RomaEdu.org<\/a> Gedenkorte der Roma und Sinti<\/p>\n\n\n\n<p><a href=\"https:\/\/ABC.RomaEdu.org\">ABC.RomaEdu.org<\/a>  Alphabetisierungsseite in Romanes<\/p>\n\n\n\n<p><a href=\"http:\/\/www.RomaNation.org\" data-type=\"URL\" data-id=\"www.RomaNation.org\">www.RomaNation.org<\/a> RomaNation first Virtual Roma Online Nation<\/p>\n\n\n\n<p><a href=\"http:\/\/www.RomaCitizenCenter.org\" data-type=\"URL\" data-id=\"www.RomaCitizenCenter.org\">www.RomaCitizenCenter.org<\/a><\/p>\n\n\n\n<p><a href=\"http:\/\/www.ERBU.org\" data-type=\"URL\" data-id=\"www.ERBU.org\">www.ERBU.org<\/a> European Roma Broadcasting Union<\/p>\n\n\n\n<p><a href=\"http:\/\/Matter.org\">www.RomaLivesMatter.org<\/a><\/p>\n\n\n\n<p><a href=\"http:\/\/www.EZAF.org\" data-type=\"URL\" data-id=\"www.EZAF.org\">www.EZAF.org<\/a> Europ\u00e4isches Zentrum f\u00fcr Antiziganismusforschung<\/p>\n\n\n\n<p><a href=\"http:\/\/www.Antiziganismus.org\" data-type=\"URL\" data-id=\"www.Antiziganismus.org\">www.Antiziganismus.org<\/a> Europ\u00e4isches Zentrum f\u00fcr Antiziganismus Aufkl\u00e4rung<\/p>\n\n\n\n<p><a href=\"http:\/\/www.Antiziganism.org\" data-type=\"URL\" data-id=\"www.Antiziganism.org\">www.Antiziganism.org<\/a> English<\/p>\n\n\n\n<p><a href=\"https:\/\/Skola.RomaEdu.org\">Skola.RomaEdu.org<\/a>  Online Kurse<\/p>\n\n\n\n<p><a href=\" https:\/\/TOUARI.RomaEdu.org\">TOUARI.RomaEdu.org<\/a> Transatlantic Online University on Antiziganism and Roma Inclusion<\/p>\n","protected":false},"excerpt":{"rendered":"<p>Der Antiziganismus ist ein Teil des europ\u00e4ischen Kulturerbes, gen\u00e4hrt f\u00fcr Jahrhunderte durch die Angst vor dem osmanischem Reich (welches bis&hellip;<\/p>\n","protected":false},"author":1,"featured_media":0,"parent":0,"menu_order":0,"comment_status":"closed","ping_status":"closed","template":"","meta":{"footnotes":""},"class_list":["post-25","page","type-page","status-publish","hentry"],"aioseo_notices":[],"_links":{"self":[{"href":"https:\/\/ezaf.org\/index.php?rest_route=\/wp\/v2\/pages\/25","targetHints":{"allow":["GET"]}}],"collection":[{"href":"https:\/\/ezaf.org\/index.php?rest_route=\/wp\/v2\/pages"}],"about":[{"href":"https:\/\/ezaf.org\/index.php?rest_route=\/wp\/v2\/types\/page"}],"author":[{"embeddable":true,"href":"https:\/\/ezaf.org\/index.php?rest_route=\/wp\/v2\/users\/1"}],"replies":[{"embeddable":true,"href":"https:\/\/ezaf.org\/index.php?rest_route=%2Fwp%2Fv2%2Fcomments&post=25"}],"version-history":[{"count":0,"href":"https:\/\/ezaf.org\/index.php?rest_route=\/wp\/v2\/pages\/25\/revisions"}],"wp:attachment":[{"href":"https:\/\/ezaf.org\/index.php?rest_route=%2Fwp%2Fv2%2Fmedia&parent=25"}],"curies":[{"name":"wp","href":"https:\/\/api.w.org\/{rel}","templated":true}]}}