{"id":35,"date":"2022-01-30T19:28:35","date_gmt":"2022-01-30T19:28:35","guid":{"rendered":"https:\/\/ezaf.org\/?page_id=35"},"modified":"2023-11-02T21:48:37","modified_gmt":"2023-11-02T21:48:37","slug":"vor-2019","status":"publish","type":"page","link":"https:\/\/ezaf.org\/?page_id=35","title":{"rendered":"Vor 2003-2019 Gemeinn\u00fctziger Verein Europ\u00e4isches Zentrum f\u00fcr Antiziganismusforschung e.V."},"content":{"rendered":"\n<h2 class=\"wp-block-heading\">Nach 2019 Firmierung als Europ\u00e4isches Zentrum zu Antiziganismus \u00fcbernahme des Geistigen Gutes, Fortf\u00fchrung der Arbeit des EZAF als Beratungsagentur und Forschungsanstalt. <\/h2>\n\n\n\n<figure class=\"wp-block-image size-full is-resized\"><img loading=\"lazy\" decoding=\"async\" width=\"576\" height=\"114\" src=\"https:\/\/ezaf.org\/wp-content\/uploads\/2023\/11\/EZAF-Logofin-1.jpg\" alt=\"\" class=\"wp-image-429\" style=\"aspect-ratio:5.052631578947368;width:609px;height:auto\" srcset=\"https:\/\/ezaf.org\/wp-content\/uploads\/2023\/11\/EZAF-Logofin-1.jpg 576w, https:\/\/ezaf.org\/wp-content\/uploads\/2023\/11\/EZAF-Logofin-1-300x59.jpg 300w\" sizes=\"auto, (max-width: 576px) 100vw, 576px\" \/><\/figure>\n\n\n\n<h3 class=\"wp-block-heading\"><a href=\"https:\/\/ezaf.org\/?page_id=79\">Kurzdarstellung vom Europ\u00e4ischen Zentrum f\u00fcr Antiziganismusforschung e.V. <\/a><\/h3>\n\n\n\n<h3 class=\"wp-block-heading\"><a href=\"https:\/\/ezaf.org\/?page_id=176\">Was ist <\/a><a href=\"https:\/\/ezaf.org\/?page_id=79\">Europ\u00e4ische Zentrum f\u00fcr Antiziganismusforschung e.V. ?<\/a><\/h3>\n\n\n\n<h3 class=\"wp-block-heading\"><a href=\"https:\/\/ezaf.org\/?page_id=177\">Wer ist <\/a><a href=\"https:\/\/ezaf.org\/?page_id=79\">Europ\u00e4ischen Zentrum f\u00fcr Antiziganismusforschung e.V. ?<\/a><\/h3>\n\n\n\n<h3 class=\"wp-block-heading\"><a href=\"https:\/\/ezaf.org\/?page_id=62\">Grundlinien eines offenen Forschungsrahmens<\/a><\/h3>\n\n\n\n<h3 class=\"wp-block-heading\"><a href=\"https:\/\/ezaf.org\/?page_id=69\">Vorstand<\/a><\/h3>\n\n\n\n<figure class=\"wp-block-gallery has-nested-images columns-default is-cropped wp-block-gallery-1 is-layout-flex wp-block-gallery-is-layout-flex\">\n<figure class=\"wp-block-image size-large\"><img loading=\"lazy\" decoding=\"async\" width=\"1024\" height=\"768\" data-id=\"435\" src=\"https:\/\/ezaf.org\/wp-content\/uploads\/2023\/11\/DSC06429-1024x768.jpg\" alt=\"\" class=\"wp-image-435\" srcset=\"https:\/\/ezaf.org\/wp-content\/uploads\/2023\/11\/DSC06429-1024x768.jpg 1024w, https:\/\/ezaf.org\/wp-content\/uploads\/2023\/11\/DSC06429-300x225.jpg 300w, https:\/\/ezaf.org\/wp-content\/uploads\/2023\/11\/DSC06429-768x576.jpg 768w, https:\/\/ezaf.org\/wp-content\/uploads\/2023\/11\/DSC06429-1536x1152.jpg 1536w, https:\/\/ezaf.org\/wp-content\/uploads\/2023\/11\/DSC06429-2048x1536.jpg 2048w, https:\/\/ezaf.org\/wp-content\/uploads\/2023\/11\/DSC06429-160x120.jpg 160w\" sizes=\"auto, (max-width: 1024px) 100vw, 1024px\" \/><\/figure>\n\n\n\n<figure class=\"wp-block-image size-large\"><img loading=\"lazy\" decoding=\"async\" width=\"1024\" height=\"768\" data-id=\"432\" src=\"https:\/\/ezaf.org\/wp-content\/uploads\/2023\/11\/DSC06435-1024x768.jpg\" alt=\"\" class=\"wp-image-432\" srcset=\"https:\/\/ezaf.org\/wp-content\/uploads\/2023\/11\/DSC06435-1024x768.jpg 1024w, https:\/\/ezaf.org\/wp-content\/uploads\/2023\/11\/DSC06435-300x225.jpg 300w, https:\/\/ezaf.org\/wp-content\/uploads\/2023\/11\/DSC06435-768x576.jpg 768w, https:\/\/ezaf.org\/wp-content\/uploads\/2023\/11\/DSC06435-1536x1152.jpg 1536w, https:\/\/ezaf.org\/wp-content\/uploads\/2023\/11\/DSC06435-2048x1536.jpg 2048w, https:\/\/ezaf.org\/wp-content\/uploads\/2023\/11\/DSC06435-160x120.jpg 160w\" sizes=\"auto, (max-width: 1024px) 100vw, 1024px\" \/><\/figure>\n\n\n\n<figure class=\"wp-block-image size-large\"><img loading=\"lazy\" decoding=\"async\" width=\"1024\" height=\"768\" data-id=\"439\" src=\"https:\/\/ezaf.org\/wp-content\/uploads\/2023\/11\/DSC06436-1024x768.jpg\" alt=\"\" class=\"wp-image-439\" srcset=\"https:\/\/ezaf.org\/wp-content\/uploads\/2023\/11\/DSC06436-1024x768.jpg 1024w, https:\/\/ezaf.org\/wp-content\/uploads\/2023\/11\/DSC06436-300x225.jpg 300w, https:\/\/ezaf.org\/wp-content\/uploads\/2023\/11\/DSC06436-768x576.jpg 768w, https:\/\/ezaf.org\/wp-content\/uploads\/2023\/11\/DSC06436-1536x1152.jpg 1536w, https:\/\/ezaf.org\/wp-content\/uploads\/2023\/11\/DSC06436-2048x1536.jpg 2048w, https:\/\/ezaf.org\/wp-content\/uploads\/2023\/11\/DSC06436-160x120.jpg 160w\" sizes=\"auto, (max-width: 1024px) 100vw, 1024px\" \/><\/figure>\n\n\n\n<figure class=\"wp-block-image size-large\"><img loading=\"lazy\" decoding=\"async\" width=\"1024\" height=\"768\" data-id=\"436\" src=\"https:\/\/ezaf.org\/wp-content\/uploads\/2023\/11\/DSC06438-1024x768.jpg\" alt=\"\" class=\"wp-image-436\" srcset=\"https:\/\/ezaf.org\/wp-content\/uploads\/2023\/11\/DSC06438-1024x768.jpg 1024w, https:\/\/ezaf.org\/wp-content\/uploads\/2023\/11\/DSC06438-300x225.jpg 300w, https:\/\/ezaf.org\/wp-content\/uploads\/2023\/11\/DSC06438-768x576.jpg 768w, https:\/\/ezaf.org\/wp-content\/uploads\/2023\/11\/DSC06438-1536x1152.jpg 1536w, https:\/\/ezaf.org\/wp-content\/uploads\/2023\/11\/DSC06438-2048x1536.jpg 2048w, https:\/\/ezaf.org\/wp-content\/uploads\/2023\/11\/DSC06438-160x120.jpg 160w\" sizes=\"auto, (max-width: 1024px) 100vw, 1024px\" \/><\/figure>\n\n\n\n<figure class=\"wp-block-image size-large\"><img loading=\"lazy\" decoding=\"async\" width=\"1024\" height=\"768\" data-id=\"433\" src=\"https:\/\/ezaf.org\/wp-content\/uploads\/2023\/11\/DSC06440-1024x768.jpg\" alt=\"\" class=\"wp-image-433\" srcset=\"https:\/\/ezaf.org\/wp-content\/uploads\/2023\/11\/DSC06440-1024x768.jpg 1024w, https:\/\/ezaf.org\/wp-content\/uploads\/2023\/11\/DSC06440-300x225.jpg 300w, https:\/\/ezaf.org\/wp-content\/uploads\/2023\/11\/DSC06440-768x576.jpg 768w, https:\/\/ezaf.org\/wp-content\/uploads\/2023\/11\/DSC06440-1536x1152.jpg 1536w, https:\/\/ezaf.org\/wp-content\/uploads\/2023\/11\/DSC06440-2048x1536.jpg 2048w, https:\/\/ezaf.org\/wp-content\/uploads\/2023\/11\/DSC06440-160x120.jpg 160w\" sizes=\"auto, (max-width: 1024px) 100vw, 1024px\" \/><\/figure>\n\n\n\n<figure class=\"wp-block-image size-large\"><img loading=\"lazy\" decoding=\"async\" width=\"1024\" height=\"768\" data-id=\"434\" src=\"https:\/\/ezaf.org\/wp-content\/uploads\/2023\/11\/DSC06441-1-1024x768.jpg\" alt=\"\" class=\"wp-image-434\" srcset=\"https:\/\/ezaf.org\/wp-content\/uploads\/2023\/11\/DSC06441-1-1024x768.jpg 1024w, https:\/\/ezaf.org\/wp-content\/uploads\/2023\/11\/DSC06441-1-300x225.jpg 300w, https:\/\/ezaf.org\/wp-content\/uploads\/2023\/11\/DSC06441-1-768x576.jpg 768w, https:\/\/ezaf.org\/wp-content\/uploads\/2023\/11\/DSC06441-1-1536x1152.jpg 1536w, https:\/\/ezaf.org\/wp-content\/uploads\/2023\/11\/DSC06441-1-2048x1536.jpg 2048w, https:\/\/ezaf.org\/wp-content\/uploads\/2023\/11\/DSC06441-1-160x120.jpg 160w\" sizes=\"auto, (max-width: 1024px) 100vw, 1024px\" \/><\/figure>\n\n\n\n<figure class=\"wp-block-image size-large\"><img loading=\"lazy\" decoding=\"async\" width=\"1024\" height=\"768\" data-id=\"443\" src=\"https:\/\/ezaf.org\/wp-content\/uploads\/2023\/11\/DSC06472-1024x768.jpg\" alt=\"\" class=\"wp-image-443\" srcset=\"https:\/\/ezaf.org\/wp-content\/uploads\/2023\/11\/DSC06472-1024x768.jpg 1024w, https:\/\/ezaf.org\/wp-content\/uploads\/2023\/11\/DSC06472-300x225.jpg 300w, https:\/\/ezaf.org\/wp-content\/uploads\/2023\/11\/DSC06472-768x576.jpg 768w, https:\/\/ezaf.org\/wp-content\/uploads\/2023\/11\/DSC06472-1536x1152.jpg 1536w, https:\/\/ezaf.org\/wp-content\/uploads\/2023\/11\/DSC06472-2048x1536.jpg 2048w, https:\/\/ezaf.org\/wp-content\/uploads\/2023\/11\/DSC06472-160x120.jpg 160w\" sizes=\"auto, (max-width: 1024px) 100vw, 1024px\" \/><\/figure>\n\n\n\n<figure class=\"wp-block-image size-large\"><img loading=\"lazy\" decoding=\"async\" width=\"1024\" height=\"768\" data-id=\"431\" src=\"https:\/\/ezaf.org\/wp-content\/uploads\/2023\/11\/DSC06473-1024x768.jpg\" alt=\"\" class=\"wp-image-431\" srcset=\"https:\/\/ezaf.org\/wp-content\/uploads\/2023\/11\/DSC06473-1024x768.jpg 1024w, https:\/\/ezaf.org\/wp-content\/uploads\/2023\/11\/DSC06473-300x225.jpg 300w, https:\/\/ezaf.org\/wp-content\/uploads\/2023\/11\/DSC06473-768x576.jpg 768w, https:\/\/ezaf.org\/wp-content\/uploads\/2023\/11\/DSC06473-1536x1152.jpg 1536w, https:\/\/ezaf.org\/wp-content\/uploads\/2023\/11\/DSC06473-2048x1536.jpg 2048w, https:\/\/ezaf.org\/wp-content\/uploads\/2023\/11\/DSC06473-160x120.jpg 160w\" sizes=\"auto, (max-width: 1024px) 100vw, 1024px\" \/><\/figure>\n\n\n\n<figure class=\"wp-block-image size-large\"><img loading=\"lazy\" decoding=\"async\" width=\"1024\" height=\"768\" data-id=\"441\" src=\"https:\/\/ezaf.org\/wp-content\/uploads\/2023\/11\/DSC06481-1024x768.jpg\" alt=\"\" class=\"wp-image-441\" srcset=\"https:\/\/ezaf.org\/wp-content\/uploads\/2023\/11\/DSC06481-1024x768.jpg 1024w, https:\/\/ezaf.org\/wp-content\/uploads\/2023\/11\/DSC06481-300x225.jpg 300w, https:\/\/ezaf.org\/wp-content\/uploads\/2023\/11\/DSC06481-768x576.jpg 768w, https:\/\/ezaf.org\/wp-content\/uploads\/2023\/11\/DSC06481-1536x1152.jpg 1536w, https:\/\/ezaf.org\/wp-content\/uploads\/2023\/11\/DSC06481-2048x1536.jpg 2048w, https:\/\/ezaf.org\/wp-content\/uploads\/2023\/11\/DSC06481-160x120.jpg 160w\" sizes=\"auto, (max-width: 1024px) 100vw, 1024px\" \/><\/figure>\n\n\n\n<figure class=\"wp-block-image size-large\"><img loading=\"lazy\" decoding=\"async\" width=\"1024\" height=\"768\" data-id=\"440\" src=\"https:\/\/ezaf.org\/wp-content\/uploads\/2023\/11\/DSC06482-1024x768.jpg\" alt=\"\" class=\"wp-image-440\" srcset=\"https:\/\/ezaf.org\/wp-content\/uploads\/2023\/11\/DSC06482-1024x768.jpg 1024w, https:\/\/ezaf.org\/wp-content\/uploads\/2023\/11\/DSC06482-300x225.jpg 300w, https:\/\/ezaf.org\/wp-content\/uploads\/2023\/11\/DSC06482-768x576.jpg 768w, https:\/\/ezaf.org\/wp-content\/uploads\/2023\/11\/DSC06482-1536x1152.jpg 1536w, https:\/\/ezaf.org\/wp-content\/uploads\/2023\/11\/DSC06482-2048x1536.jpg 2048w, https:\/\/ezaf.org\/wp-content\/uploads\/2023\/11\/DSC06482-160x120.jpg 160w\" sizes=\"auto, (max-width: 1024px) 100vw, 1024px\" \/><\/figure>\n\n\n\n<figure class=\"wp-block-image size-large\"><img loading=\"lazy\" decoding=\"async\" width=\"1024\" height=\"768\" data-id=\"442\" src=\"https:\/\/ezaf.org\/wp-content\/uploads\/2023\/11\/DSC06483-1024x768.jpg\" alt=\"\" class=\"wp-image-442\" srcset=\"https:\/\/ezaf.org\/wp-content\/uploads\/2023\/11\/DSC06483-1024x768.jpg 1024w, https:\/\/ezaf.org\/wp-content\/uploads\/2023\/11\/DSC06483-300x225.jpg 300w, https:\/\/ezaf.org\/wp-content\/uploads\/2023\/11\/DSC06483-768x576.jpg 768w, https:\/\/ezaf.org\/wp-content\/uploads\/2023\/11\/DSC06483-1536x1152.jpg 1536w, https:\/\/ezaf.org\/wp-content\/uploads\/2023\/11\/DSC06483-2048x1536.jpg 2048w, https:\/\/ezaf.org\/wp-content\/uploads\/2023\/11\/DSC06483-160x120.jpg 160w\" sizes=\"auto, (max-width: 1024px) 100vw, 1024px\" \/><\/figure>\n\n\n\n<figure class=\"wp-block-image size-large\"><img loading=\"lazy\" decoding=\"async\" width=\"600\" height=\"845\" data-id=\"438\" src=\"https:\/\/ezaf.org\/wp-content\/uploads\/2023\/11\/EZAF-Plakat_845x600.gif\" alt=\"\" class=\"wp-image-438\"\/><\/figure>\n\n\n\n<figure class=\"wp-block-image size-large\"><img loading=\"lazy\" decoding=\"async\" width=\"300\" height=\"424\" data-id=\"437\" src=\"https:\/\/ezaf.org\/wp-content\/uploads\/2023\/11\/Thumb_ConferencePoster.jpg\" alt=\"\" class=\"wp-image-437\" srcset=\"https:\/\/ezaf.org\/wp-content\/uploads\/2023\/11\/Thumb_ConferencePoster.jpg 300w, https:\/\/ezaf.org\/wp-content\/uploads\/2023\/11\/Thumb_ConferencePoster-212x300.jpg 212w\" sizes=\"auto, (max-width: 300px) 100vw, 300px\" \/><\/figure>\n<\/figure>\n","protected":false},"excerpt":{"rendered":"<p>Nach 2019 Firmierung als Europ\u00e4isches Zentrum zu Antiziganismus \u00fcbernahme des Geistigen Gutes, Fortf\u00fchrung der Arbeit des EZAF als Beratungsagentur und&hellip;<\/p>\n","protected":false},"author":1,"featured_media":430,"parent":0,"menu_order":0,"comment_status":"closed","ping_status":"closed","template":"","meta":{"footnotes":""},"class_list":["post-35","page","type-page","status-publish","has-post-thumbnail","hentry"],"aioseo_notices":[],"_links":{"self":[{"href":"https:\/\/ezaf.org\/index.php?rest_route=\/wp\/v2\/pages\/35","targetHints":{"allow":["GET"]}}],"collection":[{"href":"https:\/\/ezaf.org\/index.php?rest_route=\/wp\/v2\/pages"}],"about":[{"href":"https:\/\/ezaf.org\/index.php?rest_route=\/wp\/v2\/types\/page"}],"author":[{"embeddable":true,"href":"https:\/\/ezaf.org\/index.php?rest_route=\/wp\/v2\/users\/1"}],"replies":[{"embeddable":true,"href":"https:\/\/ezaf.org\/index.php?rest_route=%2Fwp%2Fv2%2Fcomments&post=35"}],"version-history":[{"count":2,"href":"https:\/\/ezaf.org\/index.php?rest_route=\/wp\/v2\/pages\/35\/revisions"}],"predecessor-version":[{"id":444,"href":"https:\/\/ezaf.org\/index.php?rest_route=\/wp\/v2\/pages\/35\/revisions\/444"}],"wp:featuredmedia":[{"embeddable":true,"href":"https:\/\/ezaf.org\/index.php?rest_route=\/wp\/v2\/media\/430"}],"wp:attachment":[{"href":"https:\/\/ezaf.org\/index.php?rest_route=%2Fwp%2Fv2%2Fmedia&parent=35"}],"curies":[{"name":"wp","href":"https:\/\/api.w.org\/{rel}","templated":true}]}}